{"id":107,"date":"2025-05-09T15:55:37","date_gmt":"2025-05-09T15:55:37","guid":{"rendered":"https:\/\/journeyswithjohn.com\/wordpress\/?page_id=107"},"modified":"2025-09-19T16:41:28","modified_gmt":"2025-09-19T16:41:28","slug":"mexico","status":"publish","type":"page","link":"https:\/\/journeyswithjohn.com\/wordpress\/index.php\/international-travel\/mexico\/","title":{"rendered":"Mexico"},"content":{"rendered":"<style>.kb-posts-id-107_86b66c-ee .kb-post-list-item{display:grid;}<\/style><ul class=\"wp-block-kadence-posts kb-posts kadence-posts-list kb-posts-id-107_86b66c-ee content-wrap grid-cols kb-posts-style-boxed grid-sm-col-1 grid-lg-col-1 item-image-style-beside\"><li class=\"kb-post-list-item\">\n\t<article class=\"entry content-bg loop-entry post-1249 post type-post status-publish format-standard has-post-thumbnail hentry category-international-travel category-mexico tag-all-inclusive tag-cancun tag-hotels tag-international-travel tag-mexico tag-travel\">\n\t\t\t\t<a aria-hidden=\"true\" tabindex=\"-1\" role=\"presentation\" class=\"post-thumbnail kadence-thumbnail-ratio-2-3\" href=\"https:\/\/journeyswithjohn.com\/wordpress\/index.php\/2025\/09\/30\/enjoy-amazing-all-inclusive-properties-in-cancun-mexico\/\" aria-label=\"Enjoy these amazing all-inclusive properties in Cancun, Mexico\">\n\t\t\t<div class=\"post-thumbnail-inner\">\n\t\t\t\t<img loading=\"lazy\" decoding=\"async\" width=\"768\" height=\"576\" src=\"https:\/\/journeyswithjohn.com\/wordpress\/wp-content\/uploads\/2025\/09\/IMG_1898-2-768x576.jpg\" class=\"attachment-medium_large size-medium_large wp-post-image\" alt=\"Enjoy these amazing all-inclusive properties in Cancun, Mexico\" srcset=\"https:\/\/journeyswithjohn.com\/wordpress\/wp-content\/uploads\/2025\/09\/IMG_1898-2-768x576.jpg 768w, https:\/\/journeyswithjohn.com\/wordpress\/wp-content\/uploads\/2025\/09\/IMG_1898-2-300x225.jpg 300w, https:\/\/journeyswithjohn.com\/wordpress\/wp-content\/uploads\/2025\/09\/IMG_1898-2-1024x768.jpg 1024w, https:\/\/journeyswithjohn.com\/wordpress\/wp-content\/uploads\/2025\/09\/IMG_1898-2.jpg 1230w\" sizes=\"auto, (max-width: 768px) 100vw, 768px\" \/>\t\t\t<\/div>\n\t\t<\/a><!-- .post-thumbnail -->\n\t\t\t\t<div class=\"entry-content-wrap\">\n\t\t\t<header class=\"entry-header\">\n\t\t<div class=\"entry-taxonomies\">\n\t\t<span class=\"category-links term-links category-style-normal\">\n\t\t\t<a href=\"https:\/\/journeyswithjohn.com\/wordpress\/index.php\/category\/international-travel\/\" class=\"category-link-international-travel\" rel=\"tag\">International Travel Destinations<\/a> | <a href=\"https:\/\/journeyswithjohn.com\/wordpress\/index.php\/category\/international-travel\/mexico\/\" class=\"category-link-mexico\" rel=\"tag\">Mexico<\/a>\t\t<\/span>\n\t<\/div><!-- .entry-taxonomies -->\n\t<h2 class=\"entry-title\"><a href=\"https:\/\/journeyswithjohn.com\/wordpress\/index.php\/2025\/09\/30\/enjoy-amazing-all-inclusive-properties-in-cancun-mexico\/\" rel=\"bookmark\">Enjoy these amazing all-inclusive properties in Cancun, Mexico<\/a><\/h2>\t<div class=\"entry-meta entry-meta-divider-dot\">\n\t<span class=\"posted-by\"><span class=\"meta-label\">By<\/span><span class=\"author vcard\"><span class=\"fn n\">John Wagner<\/span><\/span><\/span>\t\t\t<span class=\"posted-on\">\n\t\t\t\t<time class=\"entry-date published\" datetime=\"2025-09-30T15:20:00-06:00\">September 30, 2025<\/time><time class=\"updated\" datetime=\"2025-09-29T18:29:42-06:00\">September 29, 2025<\/time>\t\t\t<\/span>\n\t\t\t\t<\/div><!-- .entry-meta -->\n\t<\/header><!-- .entry-header -->\n\t<div class=\"entry-summary\">\n\t\t<p>Cancun, Mexico offers many resorts including some amazing all-inclusive properties along the beach. I have spent two weeks in Cancun and stayed at a different Solaris all-inclusive property both times. These are my recommendations for your stay in Cancun based on my experiences. Enjoy an all-inclusive stay in Cancun at one of the multiple Solaris&#8230;<\/p>\n\t<\/div><!-- .entry-summary -->\n\t<footer class=\"entry-footer\">\n\t\t\t<div class=\"entry-actions\">\n\t\t\t<p class=\"more-link-wrap\">\n\t\t\t\t<a href=\"https:\/\/journeyswithjohn.com\/wordpress\/index.php\/2025\/09\/30\/enjoy-amazing-all-inclusive-properties-in-cancun-mexico\/\" class=\"post-more-link\">\n\t\t\t\t\tRead More<span class=\"screen-reader-text\"> Enjoy these amazing all-inclusive properties in Cancun, Mexico<\/span><span class=\"kadence-svg-iconset svg-baseline\"><svg aria-hidden=\"true\" class=\"kadence-svg-icon kadence-arrow-right-alt-svg\" fill=\"currentColor\" version=\"1.1\" xmlns=\"http:\/\/www.w3.org\/2000\/svg\" width=\"27\" height=\"28\" viewBox=\"0 0 27 28\"><title>Continue<\/title><path d=\"M27 13.953c0 0.141-0.063 0.281-0.156 0.375l-6 5.531c-0.156 0.141-0.359 0.172-0.547 0.094-0.172-0.078-0.297-0.25-0.297-0.453v-3.5h-19.5c-0.281 0-0.5-0.219-0.5-0.5v-3c0-0.281 0.219-0.5 0.5-0.5h19.5v-3.5c0-0.203 0.109-0.375 0.297-0.453s0.391-0.047 0.547 0.078l6 5.469c0.094 0.094 0.156 0.219 0.156 0.359v0z\"><\/path>\n\t\t\t<\/svg><\/span>\t\t\t\t<\/a>\n\t\t\t<\/p>\n\t\t<\/div><!-- .entry-actions -->\n\t\t<\/footer><!-- .entry-footer -->\t\t<\/div>\n\t<\/article>\n<\/li>\n<li class=\"kb-post-list-item\">\n\t<article class=\"entry content-bg loop-entry post-1257 post type-post status-publish format-standard has-post-thumbnail hentry category-international-travel category-mexico tag-cancun tag-chichen-itza tag-international-travel tag-mexico tag-pyramid-of-kukulkan tag-travel\">\n\t\t\t\t<a aria-hidden=\"true\" tabindex=\"-1\" role=\"presentation\" class=\"post-thumbnail kadence-thumbnail-ratio-2-3\" href=\"https:\/\/journeyswithjohn.com\/wordpress\/index.php\/2025\/09\/19\/visit-chichen-itza-for-cenotes-and-amazing-archaeological-wonders\/\" aria-label=\"Visit Chich\u00e9n Itz\u00e1 from Cancun for cenotes and amazing archaeological wonders\">\n\t\t\t<div class=\"post-thumbnail-inner\">\n\t\t\t\t<img loading=\"lazy\" decoding=\"async\" width=\"768\" height=\"576\" src=\"https:\/\/journeyswithjohn.com\/wordpress\/wp-content\/uploads\/2025\/05\/IMG_1784-2-768x576.jpg\" class=\"attachment-medium_large size-medium_large wp-post-image\" alt=\"Visit Chich\u00e9n Itz\u00e1 from Cancun for cenotes and amazing archaeological wonders\" srcset=\"https:\/\/journeyswithjohn.com\/wordpress\/wp-content\/uploads\/2025\/05\/IMG_1784-2-768x576.jpg 768w, https:\/\/journeyswithjohn.com\/wordpress\/wp-content\/uploads\/2025\/05\/IMG_1784-2-300x225.jpg 300w, https:\/\/journeyswithjohn.com\/wordpress\/wp-content\/uploads\/2025\/05\/IMG_1784-2-1024x769.jpg 1024w, https:\/\/journeyswithjohn.com\/wordpress\/wp-content\/uploads\/2025\/05\/IMG_1784-2-1536x1153.jpg 1536w, https:\/\/journeyswithjohn.com\/wordpress\/wp-content\/uploads\/2025\/05\/IMG_1784-2.jpg 2048w\" sizes=\"auto, (max-width: 768px) 100vw, 768px\" \/>\t\t\t<\/div>\n\t\t<\/a><!-- .post-thumbnail -->\n\t\t\t\t<div class=\"entry-content-wrap\">\n\t\t\t<header class=\"entry-header\">\n\t\t<div class=\"entry-taxonomies\">\n\t\t<span class=\"category-links term-links category-style-normal\">\n\t\t\t<a href=\"https:\/\/journeyswithjohn.com\/wordpress\/index.php\/category\/international-travel\/\" class=\"category-link-international-travel\" rel=\"tag\">International Travel Destinations<\/a> | <a href=\"https:\/\/journeyswithjohn.com\/wordpress\/index.php\/category\/international-travel\/mexico\/\" class=\"category-link-mexico\" rel=\"tag\">Mexico<\/a>\t\t<\/span>\n\t<\/div><!-- .entry-taxonomies -->\n\t<h2 class=\"entry-title\"><a href=\"https:\/\/journeyswithjohn.com\/wordpress\/index.php\/2025\/09\/19\/visit-chichen-itza-for-cenotes-and-amazing-archaeological-wonders\/\" rel=\"bookmark\">Visit Chich\u00e9n Itz\u00e1 from Cancun for cenotes and amazing archaeological wonders<\/a><\/h2>\t<div class=\"entry-meta entry-meta-divider-dot\">\n\t<span class=\"posted-by\"><span class=\"meta-label\">By<\/span><span class=\"author vcard\"><span class=\"fn n\">John Wagner<\/span><\/span><\/span>\t\t\t<span class=\"posted-on\">\n\t\t\t\t<time class=\"entry-date published\" datetime=\"2025-09-19T16:24:35-06:00\">September 19, 2025<\/time><time class=\"updated\" datetime=\"2026-04-02T15:26:50-06:00\">April 2, 2026<\/time>\t\t\t<\/span>\n\t\t\t\t<\/div><!-- .entry-meta -->\n\t<\/header><!-- .entry-header -->\n\t<div class=\"entry-summary\">\n\t\t<p>Chich\u00e9n Itz\u00e1 is a must-see archaeological wonder. If you are planning to stay in Cancun and wondering what expeditions you should do, Chich\u00e9n Itz\u00e1 should definitely top your list. This is a summary of the all-day tour to Chich\u00e9n Itz\u00e1 from Cancun. This post contains affiliate links. If you make a purchase through one of&#8230;<\/p>\n\t<\/div><!-- .entry-summary -->\n\t<footer class=\"entry-footer\">\n\t\t\t<div class=\"entry-actions\">\n\t\t\t<p class=\"more-link-wrap\">\n\t\t\t\t<a href=\"https:\/\/journeyswithjohn.com\/wordpress\/index.php\/2025\/09\/19\/visit-chichen-itza-for-cenotes-and-amazing-archaeological-wonders\/\" class=\"post-more-link\">\n\t\t\t\t\tRead More<span class=\"screen-reader-text\"> Visit Chich\u00e9n Itz\u00e1 from Cancun for cenotes and amazing archaeological wonders<\/span><span class=\"kadence-svg-iconset svg-baseline\"><svg aria-hidden=\"true\" class=\"kadence-svg-icon kadence-arrow-right-alt-svg\" fill=\"currentColor\" version=\"1.1\" xmlns=\"http:\/\/www.w3.org\/2000\/svg\" width=\"27\" height=\"28\" viewBox=\"0 0 27 28\"><title>Continue<\/title><path d=\"M27 13.953c0 0.141-0.063 0.281-0.156 0.375l-6 5.531c-0.156 0.141-0.359 0.172-0.547 0.094-0.172-0.078-0.297-0.25-0.297-0.453v-3.5h-19.5c-0.281 0-0.5-0.219-0.5-0.5v-3c0-0.281 0.219-0.5 0.5-0.5h19.5v-3.5c0-0.203 0.109-0.375 0.297-0.453s0.391-0.047 0.547 0.078l6 5.469c0.094 0.094 0.156 0.219 0.156 0.359v0z\"><\/path>\n\t\t\t<\/svg><\/span>\t\t\t\t<\/a>\n\t\t\t<\/p>\n\t\t<\/div><!-- .entry-actions -->\n\t\t<\/footer><!-- .entry-footer -->\t\t<\/div>\n\t<\/article>\n<\/li>\n<\/ul>","protected":false},"excerpt":{"rendered":"","protected":false},"author":1,"featured_media":0,"parent":44,"menu_order":0,"comment_status":"closed","ping_status":"closed","template":"","meta":{"_kad_post_transparent":"","_kad_post_title":"","_kad_post_layout":"","_kad_post_sidebar_id":"","_kad_post_content_style":"","_kad_post_vertical_padding":"","_kad_post_feature":"","_kad_post_feature_position":"","_kad_post_header":false,"_kad_post_footer":false,"_kad_post_classname":"","footnotes":""},"class_list":["post-107","page","type-page","status-publish","hentry"],"yoast_head":"<!-- This site is optimized with the Yoast SEO plugin v27.3 - https:\/\/yoast.com\/product\/yoast-seo-wordpress\/ -->\n<title>Mexico - Journeys with John<\/title>\n<meta name=\"robots\" content=\"index, follow, max-snippet:-1, max-image-preview:large, max-video-preview:-1\" \/>\n<link rel=\"canonical\" href=\"https:\/\/journeyswithjohn.com\/wordpress\/index.php\/international-travel\/mexico\/\" \/>\n<meta property=\"og:locale\" content=\"en_US\" \/>\n<meta property=\"og:type\" content=\"article\" \/>\n<meta property=\"og:title\" content=\"Mexico - Journeys with John\" \/>\n<meta property=\"og:url\" content=\"https:\/\/journeyswithjohn.com\/wordpress\/index.php\/international-travel\/mexico\/\" \/>\n<meta property=\"og:site_name\" content=\"Journeys with John\" \/>\n<meta property=\"article:modified_time\" content=\"2025-09-19T16:41:28+00:00\" \/>\n<meta name=\"twitter:card\" content=\"summary_large_image\" \/>\n<script type=\"application\/ld+json\" class=\"yoast-schema-graph\">{\"@context\":\"https:\\\/\\\/schema.org\",\"@graph\":[{\"@type\":\"WebPage\",\"@id\":\"https:\\\/\\\/journeyswithjohn.com\\\/wordpress\\\/index.php\\\/international-travel\\\/mexico\\\/\",\"url\":\"https:\\\/\\\/journeyswithjohn.com\\\/wordpress\\\/index.php\\\/international-travel\\\/mexico\\\/\",\"name\":\"Mexico - Journeys with John\",\"isPartOf\":{\"@id\":\"https:\\\/\\\/journeyswithjohn.com\\\/wordpress\\\/#website\"},\"datePublished\":\"2025-05-09T15:55:37+00:00\",\"dateModified\":\"2025-09-19T16:41:28+00:00\",\"breadcrumb\":{\"@id\":\"https:\\\/\\\/journeyswithjohn.com\\\/wordpress\\\/index.php\\\/international-travel\\\/mexico\\\/#breadcrumb\"},\"inLanguage\":\"en-US\",\"potentialAction\":[{\"@type\":\"ReadAction\",\"target\":[\"https:\\\/\\\/journeyswithjohn.com\\\/wordpress\\\/index.php\\\/international-travel\\\/mexico\\\/\"]}]},{\"@type\":\"BreadcrumbList\",\"@id\":\"https:\\\/\\\/journeyswithjohn.com\\\/wordpress\\\/index.php\\\/international-travel\\\/mexico\\\/#breadcrumb\",\"itemListElement\":[{\"@type\":\"ListItem\",\"position\":1,\"name\":\"Home\",\"item\":\"https:\\\/\\\/journeyswithjohn.com\\\/wordpress\\\/\"},{\"@type\":\"ListItem\",\"position\":2,\"name\":\"International Travel Destinations\",\"item\":\"https:\\\/\\\/journeyswithjohn.com\\\/wordpress\\\/index.php\\\/international-travel\\\/\"},{\"@type\":\"ListItem\",\"position\":3,\"name\":\"Mexico\"}]},{\"@type\":\"WebSite\",\"@id\":\"https:\\\/\\\/journeyswithjohn.com\\\/wordpress\\\/#website\",\"url\":\"https:\\\/\\\/journeyswithjohn.com\\\/wordpress\\\/\",\"name\":\"Journeys with John\",\"description\":\"Travels throughout the Western US and Abroad\",\"publisher\":{\"@id\":\"https:\\\/\\\/journeyswithjohn.com\\\/wordpress\\\/#\\\/schema\\\/person\\\/ae308d20fd310f80d52cc2ce272de94c\"},\"potentialAction\":[{\"@type\":\"SearchAction\",\"target\":{\"@type\":\"EntryPoint\",\"urlTemplate\":\"https:\\\/\\\/journeyswithjohn.com\\\/wordpress\\\/?s={search_term_string}\"},\"query-input\":{\"@type\":\"PropertyValueSpecification\",\"valueRequired\":true,\"valueName\":\"search_term_string\"}}],\"inLanguage\":\"en-US\"},{\"@type\":[\"Person\",\"Organization\"],\"@id\":\"https:\\\/\\\/journeyswithjohn.com\\\/wordpress\\\/#\\\/schema\\\/person\\\/ae308d20fd310f80d52cc2ce272de94c\",\"name\":\"John Wagner\",\"image\":{\"@type\":\"ImageObject\",\"inLanguage\":\"en-US\",\"@id\":\"https:\\\/\\\/journeyswithjohn.com\\\/wordpress\\\/wp-content\\\/uploads\\\/2025\\\/08\\\/IMG_2549-2.jpg\",\"url\":\"https:\\\/\\\/journeyswithjohn.com\\\/wordpress\\\/wp-content\\\/uploads\\\/2025\\\/08\\\/IMG_2549-2.jpg\",\"contentUrl\":\"https:\\\/\\\/journeyswithjohn.com\\\/wordpress\\\/wp-content\\\/uploads\\\/2025\\\/08\\\/IMG_2549-2.jpg\",\"width\":674,\"height\":899,\"caption\":\"John Wagner\"},\"logo\":{\"@id\":\"https:\\\/\\\/journeyswithjohn.com\\\/wordpress\\\/wp-content\\\/uploads\\\/2025\\\/08\\\/IMG_2549-2.jpg\"},\"sameAs\":[\"https:\\\/\\\/journeyswithjohn.com\\\/\"]}]}<\/script>\n<!-- \/ Yoast SEO plugin. -->","yoast_head_json":{"title":"Mexico - Journeys with John","robots":{"index":"index","follow":"follow","max-snippet":"max-snippet:-1","max-image-preview":"max-image-preview:large","max-video-preview":"max-video-preview:-1"},"canonical":"https:\/\/journeyswithjohn.com\/wordpress\/index.php\/international-travel\/mexico\/","og_locale":"en_US","og_type":"article","og_title":"Mexico - Journeys with John","og_url":"https:\/\/journeyswithjohn.com\/wordpress\/index.php\/international-travel\/mexico\/","og_site_name":"Journeys with John","article_modified_time":"2025-09-19T16:41:28+00:00","twitter_card":"summary_large_image","schema":{"@context":"https:\/\/schema.org","@graph":[{"@type":"WebPage","@id":"https:\/\/journeyswithjohn.com\/wordpress\/index.php\/international-travel\/mexico\/","url":"https:\/\/journeyswithjohn.com\/wordpress\/index.php\/international-travel\/mexico\/","name":"Mexico - Journeys with John","isPartOf":{"@id":"https:\/\/journeyswithjohn.com\/wordpress\/#website"},"datePublished":"2025-05-09T15:55:37+00:00","dateModified":"2025-09-19T16:41:28+00:00","breadcrumb":{"@id":"https:\/\/journeyswithjohn.com\/wordpress\/index.php\/international-travel\/mexico\/#breadcrumb"},"inLanguage":"en-US","potentialAction":[{"@type":"ReadAction","target":["https:\/\/journeyswithjohn.com\/wordpress\/index.php\/international-travel\/mexico\/"]}]},{"@type":"BreadcrumbList","@id":"https:\/\/journeyswithjohn.com\/wordpress\/index.php\/international-travel\/mexico\/#breadcrumb","itemListElement":[{"@type":"ListItem","position":1,"name":"Home","item":"https:\/\/journeyswithjohn.com\/wordpress\/"},{"@type":"ListItem","position":2,"name":"International Travel Destinations","item":"https:\/\/journeyswithjohn.com\/wordpress\/index.php\/international-travel\/"},{"@type":"ListItem","position":3,"name":"Mexico"}]},{"@type":"WebSite","@id":"https:\/\/journeyswithjohn.com\/wordpress\/#website","url":"https:\/\/journeyswithjohn.com\/wordpress\/","name":"Journeys with John","description":"Travels throughout the Western US and Abroad","publisher":{"@id":"https:\/\/journeyswithjohn.com\/wordpress\/#\/schema\/person\/ae308d20fd310f80d52cc2ce272de94c"},"potentialAction":[{"@type":"SearchAction","target":{"@type":"EntryPoint","urlTemplate":"https:\/\/journeyswithjohn.com\/wordpress\/?s={search_term_string}"},"query-input":{"@type":"PropertyValueSpecification","valueRequired":true,"valueName":"search_term_string"}}],"inLanguage":"en-US"},{"@type":["Person","Organization"],"@id":"https:\/\/journeyswithjohn.com\/wordpress\/#\/schema\/person\/ae308d20fd310f80d52cc2ce272de94c","name":"John Wagner","image":{"@type":"ImageObject","inLanguage":"en-US","@id":"https:\/\/journeyswithjohn.com\/wordpress\/wp-content\/uploads\/2025\/08\/IMG_2549-2.jpg","url":"https:\/\/journeyswithjohn.com\/wordpress\/wp-content\/uploads\/2025\/08\/IMG_2549-2.jpg","contentUrl":"https:\/\/journeyswithjohn.com\/wordpress\/wp-content\/uploads\/2025\/08\/IMG_2549-2.jpg","width":674,"height":899,"caption":"John Wagner"},"logo":{"@id":"https:\/\/journeyswithjohn.com\/wordpress\/wp-content\/uploads\/2025\/08\/IMG_2549-2.jpg"},"sameAs":["https:\/\/journeyswithjohn.com\/"]}]}},"_links":{"self":[{"href":"https:\/\/journeyswithjohn.com\/wordpress\/index.php\/wp-json\/wp\/v2\/pages\/107","targetHints":{"allow":["GET"]}}],"collection":[{"href":"https:\/\/journeyswithjohn.com\/wordpress\/index.php\/wp-json\/wp\/v2\/pages"}],"about":[{"href":"https:\/\/journeyswithjohn.com\/wordpress\/index.php\/wp-json\/wp\/v2\/types\/page"}],"author":[{"embeddable":true,"href":"https:\/\/journeyswithjohn.com\/wordpress\/index.php\/wp-json\/wp\/v2\/users\/1"}],"replies":[{"embeddable":true,"href":"https:\/\/journeyswithjohn.com\/wordpress\/index.php\/wp-json\/wp\/v2\/comments?post=107"}],"version-history":[{"count":3,"href":"https:\/\/journeyswithjohn.com\/wordpress\/index.php\/wp-json\/wp\/v2\/pages\/107\/revisions"}],"predecessor-version":[{"id":1284,"href":"https:\/\/journeyswithjohn.com\/wordpress\/index.php\/wp-json\/wp\/v2\/pages\/107\/revisions\/1284"}],"up":[{"embeddable":true,"href":"https:\/\/journeyswithjohn.com\/wordpress\/index.php\/wp-json\/wp\/v2\/pages\/44"}],"wp:attachment":[{"href":"https:\/\/journeyswithjohn.com\/wordpress\/index.php\/wp-json\/wp\/v2\/media?parent=107"}],"curies":[{"name":"wp","href":"https:\/\/api.w.org\/{rel}","templated":true}]}}